{"id":2757,"date":"2025-09-22T23:26:43","date_gmt":"2025-09-22T23:26:43","guid":{"rendered":"http:\/\/wac.snuac.ac.kr\/?page_id=2757"},"modified":"2025-09-23T02:15:41","modified_gmt":"2025-09-23T02:15:41","slug":"mena-focus-2025%eb%85%84-9%ec%9b%94%ed%98%b8","status":"publish","type":"page","link":"http:\/\/wac.snuac.ac.kr\/?page_id=2757","title":{"rendered":"[MENA Focus] 2025\ub144 9\uc6d4\ud638"},"content":{"rendered":"<div class=\"wpb-content-wrapper\"><p>[vc_row full_width=&#8221;stretch_row&#8221; equal_height=&#8221;yes&#8221; content_placement=&#8221;middle&#8221; css=&#8221;.vc_custom_1679549914074{background-color: #efefef !important;}&#8221;][vc_column][vc_row_inner equal_height=&#8221;yes&#8221; css=&#8221;.vc_custom_1679549279720{margin-right: 8% !important;margin-left: 8% !important;}&#8221;][vc_column_inner width=&#8221;1\/2&#8243;][vc_single_image image=&#8221;2494&#8243; img_size=&#8221;full&#8221;][\/vc_column_inner][vc_column_inner width=&#8221;1\/2&#8243;][vc_custom_heading text=&#8221;Gulf States\u2019 Position on Israel\u2019s Airstrike in Qatar&#8221; font_container=&#8221;tag:h1|font_size:18|text_align:left&#8221; use_theme_fonts=&#8221;yes&#8221; link=&#8221;url:http%3A%2F%2Fwac.snuac.ac.kr%2F%3Fp%3D2741|title:%5BMENA%20Focus%202025%EB%85%84%209%EC%9B%94%ED%98%B8%5D%20Gulf%20States%E2%80%99%20Position%20on%20Israel%E2%80%99s%20Airstrike%20in%20Qatar|target:%20_blank|&#8221;][vc_column_text]<\/p>\n<p style=\"text-align: right;\"><strong>So Yeon Ahn (SNUAC)<\/strong><\/p>\n<p style=\"text-align: justify;\">On September 9, Israel carried out an airstrike on a residence in Doha, the capital of Qatar, where members of Hamas\u2019s leadership were based. At the time of the strike, the Hamas leaders were reportedly reviewing a U.S.-proposed mediation plan that included terms for a ceasefire and hostage exchange. The strike killed Hamas operatives as well as Qatari security personnel. The fact that Israel launched such an attack without warning in the very heart of Doha\u2014a city that had served as the venue for negotiations between Hamas and Israel\u2014sharply heightened Qatar\u2019s and other Gulf states\u2019 perception of a grave security threat.<\/p>\n<p>[\/vc_column_text][vc_btn title=&#8221;\uae00\ubcf4\uae30&#8221; shape=&#8221;square&#8221; color=&#8221;juicy-pink&#8221; align=&#8221;right&#8221; css_animation=&#8221;slideInDown&#8221; link=&#8221;url:http%3A%2F%2Fwac.snuac.ac.kr%2F%3Fp%3D2741|title:%5BMENA%20Focus%202025%EB%85%84%209%EC%9B%94%ED%98%B8%5D%20Gulf%20States%E2%80%99%20Position%20on%20Israel%E2%80%99s%20Airstrike%20in%20Qatar|target:%20_blank|&#8221;][\/vc_column_inner][\/vc_row_inner][\/vc_column][\/vc_row][vc_row full_width=&#8221;stretch_row&#8221; equal_height=&#8221;yes&#8221; content_placement=&#8221;middle&#8221; css=&#8221;.vc_custom_1679549385693{background-color: #1e73be !important;}&#8221;][vc_column][vc_row_inner equal_height=&#8221;yes&#8221; css=&#8221;.vc_custom_1679549279720{margin-right: 8% !important;margin-left: 8% !important;}&#8221;][vc_column_inner width=&#8221;1\/2&#8243;][vc_custom_heading text=&#8221;Iraq and Syria Face Worst Drought in Decades&#8221; font_container=&#8221;tag:h1|font_size:18|text_align:left|color:%23ffffff&#8221; use_theme_fonts=&#8221;yes&#8221; link=&#8221;url:http%3A%2F%2Fwac.snuac.ac.kr%2F%3Fp%3D2746|title:%5BMENA%20Focus%202025%EB%85%84%209%EC%9B%94%ED%98%B8%5D%20Iraq%20and%20Syria%20Face%20Worst%20Drought%20in%20Decades|target:%20_blank|&#8221;][vc_column_text]<\/p>\n<p style=\"text-align: right;\"><span style=\"color: #ffffff;\"><b>Hwang Yuihyun<\/b>(SNUAC)<\/span><\/p>\n<p style=\"text-align: justify;\"><span style=\"color: #ffffff;\">Iraq and Syria are experiencing their most severe drought in decades. In Iraq, diminished winter rainfall has lowered the water levels of the Euphrates and Tigris rivers by up to 27%, marking the worst shortage since 1933. Southern regions that rely heavily on river water have been hit hardest. In Dhi Qar province, more than 10,000 families have been displaced, while Basra\u2014already struggling with chronic water scarcity and pollution\u2014now depends on rationing. The Ministry of Water Resources has postponed September crop plantings, and declining upstream flows have worsened seawater intrusion through the Shat al-Arab channel, increasing salinity.<\/span><\/p>\n<p>[\/vc_column_text][vc_btn title=&#8221;\uae00\ubcf4\uae30&#8221; shape=&#8221;square&#8221; color=&#8221;juicy-pink&#8221; align=&#8221;right&#8221; css_animation=&#8221;slideInDown&#8221; link=&#8221;url:http%3A%2F%2Fwac.snuac.ac.kr%2F%3Fp%3D2746|title:%5BMENA%20Focus%202025%EB%85%84%209%EC%9B%94%ED%98%B8%5D%20Iraq%20and%20Syria%20Face%20Worst%20Drought%20in%20Decades|target:%20_blank|&#8221;][\/vc_column_inner][vc_column_inner width=&#8221;1\/2&#8243;][vc_single_image image=&#8221;2747&#8243; img_size=&#8221;full&#8221;][\/vc_column_inner][\/vc_row_inner][\/vc_column][\/vc_row][vc_row full_width=&#8221;stretch_row&#8221; equal_height=&#8221;yes&#8221; content_placement=&#8221;middle&#8221; parallax=&#8221;content-moving&#8221; parallax_image=&#8221;2760&#8243; parallax_speed_bg=&#8221;3&#8243; css_animation=&#8221;slideInRight&#8221;][vc_column][vc_row_inner equal_height=&#8221;yes&#8221; css=&#8221;.vc_custom_1685437439227{margin-right: 8% !important;margin-left: 8% !important;padding-top: 50px !important;padding-bottom: 50px !important;}&#8221;][vc_column_inner][vc_custom_heading text=&#8221;<em>\ud398\ub974\uc2dc\uc544 \uc2dc\ubb38\ud559 \uc720\uc0b0\uc758 \ud0d0\uad6c: \uace0\uc804 \ud398\ub974\uc2dc\uc544 \uc2dc\uc758 \ub300\uac00, \ud5c8\ud398\uc988\uc758 \uc0b6\uacfc \uc720\uc0b0<\/em>&#8221; font_container=&#8221;tag:h1|font_size:32|text_align:center|color:%23ffffff&#8221; use_theme_fonts=&#8221;yes&#8221; link=&#8221;url:http%3A%2F%2Fwac.snuac.ac.kr%2F%3Fp%3D2737|title:%5BMENA%20Focus%202025%EB%85%84%209%EC%9B%94%ED%98%B8%5D%20%ED%8E%98%EB%A5%B4%EC%8B%9C%EC%95%84%20%EC%8B%9C%EB%AC%B8%ED%95%99%20%EC%9C%A0%EC%82%B0%EC%9D%98%20%ED%83%90%EA%B5%AC%3A%20%EA%B3%A0%EC%A0%84%20%ED%8E%98%EB%A5%B4%EC%8B%9C%EC%95%84%20%EC%8B%9C%EC%9D%98%20%EB%8C%80%EA%B0%80%2C%20%ED%97%88%ED%8E%98%EC%A6%88%EC%9D%98%20%EC%82%B6%EA%B3%BC%20%EC%9C%A0%EC%82%B0|target:%20_blank|&#8221;][vc_column_text]<\/p>\n<p style=\"text-align: right;\"><span style=\"color: #ffffff;\">&#8211; \uc0ac\uc774\ub4dc \ucfe0\uc81c\uce58(\uc8fc\ud55c\uc774\ub780\uc774\uc2ac\ub78c\uacf5\ud654\uad6d\ub300\uc0ac)<\/span><\/p>\n<p>[\/vc_column_text][\/vc_column_inner][\/vc_row_inner][\/vc_column][\/vc_row][vc_row full_width=&#8221;stretch_row&#8221; equal_height=&#8221;yes&#8221; content_placement=&#8221;middle&#8221; css=&#8221;.vc_custom_1679550050748{background-color: #efefef !important;}&#8221;][vc_column][vc_row_inner equal_height=&#8221;yes&#8221; css=&#8221;.vc_custom_1679549279720{margin-right: 8% !important;margin-left: 8% !important;}&#8221;][vc_column_inner width=&#8221;1\/2&#8243;][vc_single_image image=&#8221;2744&#8243; img_size=&#8221;full&#8221;][\/vc_column_inner][vc_column_inner width=&#8221;1\/2&#8243;][vc_custom_heading text=&#8221;Recognition of Palestine by Western States&#8221; font_container=&#8221;tag:h1|font_size:18|text_align:left&#8221; use_theme_fonts=&#8221;yes&#8221; link=&#8221;url:http%3A%2F%2Fwac.snuac.ac.kr%2F%3Fp%3D2743|title:%5BMENA%20Focus%202025%EB%85%84%209%EC%9B%94%ED%98%B8%5D%20Recognition%20of%20Palestine%20by%20Western%20States|target:%20_blank|&#8221;][vc_column_text]<\/p>\n<p style=\"text-align: right;\"><strong>Saerom Han (Sookmyung Women\u2019s University)<\/strong><\/p>\n<p style=\"text-align: justify;\">On 21 September 2025, four Western states (the United Kingdom, Canada, Australia, and Portugal) formally recognised Palestinian statehood in a series of coordinated announcements. The move marked the first time members of the G7 took such a step. Leaders framed the decision as both a moral obligation and a political necessity: Canada\u2019s Prime Minister Mark Carney pledged support for Palestine\u2019s \u201cpeaceful future,\u201d while Australia\u2019s Anthony Albanese described recognition as affirming Palestinians\u2019 \u201clegitimate and long-held aspirations.\u201d British Prime Minister Keir Starmer stressed that recognition was essential to preserve any chance of a two-state solution, warning that at present neither Israel\u2019s security nor Palestinian statehood was guaranteed.<\/p>\n<p>[\/vc_column_text][vc_btn title=&#8221;\uae00\ubcf4\uae30&#8221; shape=&#8221;square&#8221; color=&#8221;juicy-pink&#8221; align=&#8221;right&#8221; css_animation=&#8221;slideInDown&#8221; link=&#8221;url:http%3A%2F%2Fwac.snuac.ac.kr%2F%3Fp%3D2743|title:%5BMENA%20Focus%202025%EB%85%84%209%EC%9B%94%ED%98%B8%5D%20Recognition%20of%20Palestine%20by%20Western%20States|target:%20_blank|&#8221;][\/vc_column_inner][\/vc_row_inner][\/vc_column][\/vc_row][vc_row full_width=&#8221;stretch_row&#8221; equal_height=&#8221;yes&#8221; content_placement=&#8221;middle&#8221;][vc_column][vc_row_inner equal_height=&#8221;yes&#8221; css=&#8221;.vc_custom_1679549279720{margin-right: 8% !important;margin-left: 8% !important;}&#8221;][vc_column_inner width=&#8221;1\/2&#8243;][vc_custom_heading text=&#8221;The Crisis of the Republican People\u2019s Party (CHP)&#8221; font_container=&#8221;tag:h1|font_size:18|text_align:left&#8221; use_theme_fonts=&#8221;yes&#8221; link=&#8221;url:http%3A%2F%2Fwac.snuac.ac.kr%2F%3Fp%3D2749|title:%5BMENA%20Focus%202025%EB%85%84%209%EC%9B%94%ED%98%B8%5D%20The%20Crisis%20of%20the%20Republican%20People%E2%80%99s%20Party%20(CHP)|target:%20_blank|&#8221;][vc_column_text]<\/p>\n<p style=\"text-align: right;\"><strong>Han Haeun (SNUAC)<\/strong><\/p>\n<p style=\"text-align: justify;\">On September 2, an Istanbul court suspended the current CHP (Republican People\u2019s Party) chairman \u00d6zg\u00fcr \u00d6zel, citing electoral fraud in the party\u2019s delegate election held on October 8, 2023, and appointed G\u00fcrsel Tekin as interim leader. When Tekin assumed office on the 8th, CHP members and supporters blockaded the party headquarters in Istanbul, but police dispersed them using tear gas.<\/p>\n<p>[\/vc_column_text][vc_btn title=&#8221;\uae00\ubcf4\uae30&#8221; shape=&#8221;square&#8221; color=&#8221;juicy-pink&#8221; align=&#8221;right&#8221; css_animation=&#8221;slideInDown&#8221; link=&#8221;url:http%3A%2F%2Fwac.snuac.ac.kr%2F%3Fp%3D2749|title:%5BMENA%20Focus%202025%EB%85%84%209%EC%9B%94%ED%98%B8%5D%20The%20Crisis%20of%20the%20Republican%20People%E2%80%99s%20Party%20(CHP)|target:%20_blank|&#8221;][\/vc_column_inner][vc_column_inner width=&#8221;1\/2&#8243;][vc_single_image image=&#8221;2750&#8243; img_size=&#8221;full&#8221;][\/vc_column_inner][\/vc_row_inner][\/vc_column][\/vc_row][vc_row full_width=&#8221;stretch_row&#8221; equal_height=&#8221;yes&#8221; content_placement=&#8221;middle&#8221; css=&#8221;.vc_custom_1679550287295{background-color: #3f3f3f !important;}&#8221;][vc_column][vc_row_inner equal_height=&#8221;yes&#8221; css=&#8221;.vc_custom_1679550277615{margin-right: 8% !important;margin-left: 8% !important;}&#8221;][vc_column_inner][vc_column_text]<\/p>\n<p style=\"text-align: center;\"><span style=\"color: #ffffff;\"><b>\ubc1c\ud589\ucc98<\/b>: \uc11c\uc6b8\ub300\ud559\uad50 \uc544\uc2dc\uc544\uc5f0\uad6c\uc18c \uc11c\uc544\uc2dc\uc544\uc13c\ud130, HK<sup>+<\/sup>\uba54\uac00\uc544\uc2dc\uc544\uc5f0\uad6c\uc0ac\uc5c5\ub2e8<\/span><br \/>\n<span style=\"color: #ffffff;\"><b>\ubc1c\ud589\uc778<\/b>: \ucc44\uc218\ud64d <b>\ud3b8\uc9d1\uc704\uc6d0\uc7a5<\/b>: \uad6c\uae30\uc5f0\u00a0<b>\ud3b8\uc9d1\uc704\uc6d0<\/b>: \uc548\uc18c\uc5f0, \ud55c\ud558\uc740, \ud669\uc758\ud604\u00a0<\/span><br \/>\n<span style=\"color: #ffffff;\"><b>\uc5f0\ub77d\ucc98<\/b>: 02-880-2084, katib@snu.ac.kr<\/span><\/p>\n<p>[\/vc_column_text][\/vc_column_inner][\/vc_row_inner][\/vc_column][\/vc_row]<\/p>\n<\/div>","protected":false},"excerpt":{"rendered":"<p>[vc_row full_width=&#8221;stretch_row&#8221; equal_height=&#8221;yes&#8221; content_placement=&#8221;middle&#8221; css=&#8221;.vc_custom_1679549914074{background-color: #efefef !important;}&#8221;][vc_column][vc_row_inner equal_height=&#8221;yes&#8221; css=&#8221;.vc_custom_1679549279720{margin-right: 8%  [&#8230;]<\/p>\n","protected":false},"author":2,"featured_media":0,"parent":888,"menu_order":0,"comment_status":"closed","ping_status":"closed","template":"100-width.php","meta":{"_acf_changed":false,"footnotes":""},"class_list":["post-2757","page","type-page","status-publish","hentry"],"acf":[],"_links":{"self":[{"href":"http:\/\/wac.snuac.ac.kr\/index.php?rest_route=\/wp\/v2\/pages\/2757","targetHints":{"allow":["GET"]}}],"collection":[{"href":"http:\/\/wac.snuac.ac.kr\/index.php?rest_route=\/wp\/v2\/pages"}],"about":[{"href":"http:\/\/wac.snuac.ac.kr\/index.php?rest_route=\/wp\/v2\/types\/page"}],"author":[{"embeddable":true,"href":"http:\/\/wac.snuac.ac.kr\/index.php?rest_route=\/wp\/v2\/users\/2"}],"replies":[{"embeddable":true,"href":"http:\/\/wac.snuac.ac.kr\/index.php?rest_route=%2Fwp%2Fv2%2Fcomments&post=2757"}],"version-history":[{"count":2,"href":"http:\/\/wac.snuac.ac.kr\/index.php?rest_route=\/wp\/v2\/pages\/2757\/revisions"}],"predecessor-version":[{"id":2772,"href":"http:\/\/wac.snuac.ac.kr\/index.php?rest_route=\/wp\/v2\/pages\/2757\/revisions\/2772"}],"up":[{"embeddable":true,"href":"http:\/\/wac.snuac.ac.kr\/index.php?rest_route=\/wp\/v2\/pages\/888"}],"wp:attachment":[{"href":"http:\/\/wac.snuac.ac.kr\/index.php?rest_route=%2Fwp%2Fv2%2Fmedia&parent=2757"}],"curies":[{"name":"wp","href":"https:\/\/api.w.org\/{rel}","templated":true}]}}