{"id":1698,"date":"2023-12-18T02:08:12","date_gmt":"2023-12-18T02:08:12","guid":{"rendered":"http:\/\/wac.snuac.ac.kr\/?page_id=1698"},"modified":"2023-12-19T01:12:46","modified_gmt":"2023-12-19T01:12:46","slug":"mena-focus-12%ec%9b%94%ed%98%b8","status":"publish","type":"page","link":"http:\/\/wac.snuac.ac.kr\/?page_id=1698","title":{"rendered":"[MENA Focus] 12\uc6d4\ud638"},"content":{"rendered":"<div class=\"wpb-content-wrapper\"><p>[vc_row full_width=&#8221;stretch_row&#8221; equal_height=&#8221;yes&#8221; content_placement=&#8221;middle&#8221; css=&#8221;.vc_custom_1679549914074{background-color: #efefef !important;}&#8221;][vc_column][vc_row_inner equal_height=&#8221;yes&#8221; css=&#8221;.vc_custom_1679549279720{margin-right: 8% !important;margin-left: 8% !important;}&#8221;][vc_column_inner width=&#8221;1\/2&#8243;][vc_single_image image=&#8221;1682&#8243; img_size=&#8221;full&#8221;][\/vc_column_inner][vc_column_inner width=&#8221;1\/2&#8243;][vc_custom_heading text=&#8221;MENA \uc9c0\uc5ed \uc815\uce58 \ubcc0\ub3d9\uc758 \ud575\uc2ec\uc5d0 \uc704\uce58\ud55c \uac78\ud504&#8221; font_container=&#8221;tag:h1|font_size:18|text_align:left&#8221; use_theme_fonts=&#8221;yes&#8221; link=&#8221;url:http%3A%2F%2Fwac.snuac.ac.kr%2F%3Fp%3D1679|title:%5BMENA%20Focus%2012%EC%9B%94%ED%98%B8%5D%20MENA%20%EC%A7%80%EC%97%AD%20%EC%A0%95%EC%B9%98%20%EB%B3%80%EB%8F%99%EC%9D%98%20%ED%95%B5%EC%8B%AC%EC%97%90%20%EC%9C%84%EC%B9%98%ED%95%9C%20%EA%B1%B8%ED%94%84|target:%20_blank|&#8221;][vc_column_text]<\/p>\n<p style=\"text-align: right;\"><strong>\uc548\uc18c\uc5f0<\/strong>(\uc544\uc2dc\uc544\uc5f0\uad6c\uc18c)<\/p>\n<p style=\"text-align: justify;\">2023\ub144 \uac78\ud504 \uad6d\uac00\ub4e4\uc740 \ub2e4\uc774\ub098\ubbf9\ud55c \uc911\ub3d9 \uc5ed\ub0b4 \uc678 \uc815\uce58 \ubcc0\ub3d9\uc758 \uc911\uc2ec\uc5d0 \uc788\uc5c8\ub2e4. \uba3c\uc800 \uc62c\ud574 \ucd08 3\uc6d4 \uc911\uad6d \uc911\uc7ac\ub85c \ud0c0\uacb0\ub41c \uc0ac\uc6b0\ub514\uc544\ub77c\ube44\uc544\uc640 \uc774\ub780\uc758 \uad00\uacc4 \uc815\uc0c1\ud654 \ud569\uc758\ub294 \uc608\uc0c1 \ubc16\uc758 \uc77c\uc774\uc5c8\ub2e4. \ub3d9 \ud569\uc758\ub85c \uc0ac\uc6b0\ub514\uc640 \uc774\ub780\uc740 \ub2e8\uc808\ub41c \uc678\uad50 \uad00\uacc4\ub97c \ubcf5\uc6d0\ud558\uace0 \uc0c1\ub300\uad6d\uc5d0 \ub300\uc0ac\uad00\uc740 \uac1c\uc124\ud558\uae30\ub85c \ud569\uc758\ud558\uc600\ub2e4. \ud558\uc9c0\ub9cc \ubb34\uc5c7\ubcf4\ub2e4 \ub354\uc6b1 \ud654\uc81c\uac00 \ub418\uc5c8\ub358 \uac83\uc740 \uc911\uc7ac\uc790\uac00 \uadf8\ub3d9\uc548 \uc911\ub3d9 \uc815\uce58 \ubd84\uc7c1\uc5d0\uc11c \uc911\uc7ac \uc5ed\ud560\uc744 \ud588\ub358 \ubbf8\uad6d \ub4f1\uacfc \uac19\uc740 \uc804\ud1b5\uc801\uc778 \uad6d\uac00\uac00 \uc544\ub2cc \uc911\uad6d\uc774\uc5c8\ub2e4\ub294 \uc810\uc774\ub2e4. \uc774\uc5d0 \ub530\ub77c \uc0ac\uc6b0\ub514\uc640 \uc774\ub780\uc774 \uc65c \uad00\uacc4 \uc815\uc0c1\ud654\uc5d0 \ud569\uc758\ud588\ub294\uc9c0\uc5d0 \ub300\ud55c \uc758\ubb38\ubcf4\ub2e4 \uc911\uad6d\uc774 \uc65c \uc911\uc7ac\uc5d0 \ub098\uc130\ub294\uc9c0 \uadf8\ub9ac\uace0 \uc911\uad6d \uc911\uc7ac \uc5ed\ud560\uc774 \uc9c0\ub2c8\ub294 \ud568\uc758\uac00 \ubb34\uc5c7\uc778\uac00\uc5d0 \ub300\ud55c \uad00\uc2ec\uc774 \ub354\uc6b1 \uc9d1\uc911\ub418\uc5c8\ub2e4. \uc911\uad6d\uc774 \uc911\uc7ac\ud558\uc5ec \uc911\ub3d9\uc758 \uc8fc\uc694 \uc5ed\ub0b4 \ud328\uad8c \uc138\ub825\uc778 \uc0ac\uc6b0\ub514\uc640 \uc774\ub780\uc774 \uad00\uacc4 \uc815\uc0c1\ud654 \ud569\uc758\ub97c \uc774\ub8e8\uc5c8\ub2e4\ub294 \uc810\uc740 \uc911\ub3d9 \ub0b4\uc5d0\uc11c \uc911\uad6d\uc758 \uc601\ud5a5\ub825\uc774 \ud655\ub300\ub418\uace0 \uc788\uc74c\uc744 \ud655\uc778\ud560 \uc218 \uc788\ub294 \uacc4\uae30\uc600\ub2e4. \uadf8\ub9ac\uace0 \uc624\ub79c \uae30\uac04 \uac08\ub4f1\uc758 \uc2e4\ub9c8\ub9ac\ub97c \ubcf4\uc774\uc9c0 \ubabb\ud588\ub358 \uc0ac\uc6b0\ub514\uc640 \uc774\ub780\uc758 \uad00\uacc4 \uc815\uc0c1\ud654\ub294 \ubb34\uc5c7\ubcf4\ub2e4 \uc591\uad6d\uc774 \uc815\uce58\uc801 \uac08\ub4f1\uc744 \ud574\uacb0\ud568\uc73c\ub85c\uc368 \uc815\uce58\uc801 \ubd88\uc548\uc815\uc744 \ub0ae\ucd94\uace0 \uad6d\uac00\uc758 \uc2e4\ub9ac\uc801 \uc774\ub4dd\uc744 \ud655\ubcf4\ud558\uaca0\ub2e4\ub294 \ud310\ub2e8\uc774\uc5c8\ub358 \uac83\uc73c\ub85c \ud3c9\uac00\ub418\uc5c8\ub2e4.<\/p>\n<p>[\/vc_column_text][vc_btn title=&#8221;\uae00\ubcf4\uae30&#8221; shape=&#8221;square&#8221; color=&#8221;juicy-pink&#8221; align=&#8221;right&#8221; css_animation=&#8221;slideInDown&#8221; link=&#8221;url:http%3A%2F%2Fwac.snuac.ac.kr%2F%3Fp%3D1679|title:%5BMENA%20Focus%2012%EC%9B%94%ED%98%B8%5D%20MENA%20%EC%A7%80%EC%97%AD%20%EC%A0%95%EC%B9%98%20%EB%B3%80%EB%8F%99%EC%9D%98%20%ED%95%B5%EC%8B%AC%EC%97%90%20%EC%9C%84%EC%B9%98%ED%95%9C%20%EA%B1%B8%ED%94%84|target:%20_blank|&#8221;][\/vc_column_inner][\/vc_row_inner][\/vc_column][\/vc_row][vc_row full_width=&#8221;stretch_row&#8221; equal_height=&#8221;yes&#8221; content_placement=&#8221;middle&#8221; css=&#8221;.vc_custom_1679549385693{background-color: #1e73be !important;}&#8221;][vc_column][vc_row_inner equal_height=&#8221;yes&#8221; css=&#8221;.vc_custom_1679549279720{margin-right: 8% !important;margin-left: 8% !important;}&#8221;][vc_column_inner width=&#8221;1\/2&#8243;][vc_custom_heading text=&#8221;\uc774\uc2a4\ub77c\uc5d8\uc758 2023\ub144: \uc0ac\ubc95\ubd80 \uac1c\ud3b8\uacfc \uac00\uc790\uc9c0\uad6c \uc804\uc7c1&#8221; font_container=&#8221;tag:h1|font_size:18|text_align:left|color:%23ffffff&#8221; use_theme_fonts=&#8221;yes&#8221; link=&#8221;url:http%3A%2F%2Fwac.snuac.ac.kr%2F%3Fp%3D1683|title:%5BMENA%20Focus%2012%EC%9B%94%ED%98%B8%5D%20%EC%9D%B4%EC%8A%A4%EB%9D%BC%EC%97%98%EC%9D%98%202023%EB%85%84%3A%20%EC%82%AC%EB%B2%95%EB%B6%80%20%EA%B0%9C%ED%8E%B8%EA%B3%BC%20%EA%B0%80%EC%9E%90%EC%A7%80%EA%B5%AC%20%EC%A0%84%EC%9F%81|target:%20_blank|&#8221;][vc_column_text]<\/p>\n<p style=\"text-align: right;\"><span style=\"color: #ffffff;\"><b>\ud669\uc758\ud604<\/b>(\uc544\uc2dc\uc544\uc5f0\uad6c\uc18c)<\/span><\/p>\n<p style=\"text-align: justify;\"><span style=\"color: #ffffff;\">2023\ub144 \uc774\uc2a4\ub77c\uc5d8\uc740 \uaca9\ubcc0\uc744 \uacaa\uc5c8\ub2e4. \uc9c0\ub09c 2022\ub144 12\uc6d4 \ubca0\ub0d0\ubbfc \ub124\ud0c0\ub0d0\ud6c4(Benjamin Netanyahu) \ucd1d\ub9ac\uac00 \uad6c\uc131\ud55c \ub0b4\uac01\uc740 \uc774\uc2a4\ub77c\uc5d8 \uc5ed\uc0ac\uc0c1 \uac00\uc7a5 \uc6b0\ud30c \uc131\ud5a5\uc774 \uac15\ud55c \uac83\uc73c\ub85c \ud3c9\uac00\ub41c\ub2e4. \uc544\ub78d\uacc4 \uc774\uc2a4\ub77c\uc5d8\uc778\uc758 \ucd94\ubc29\uacfc \ud314\ub808\uc2a4\ud0c0\uc778\uc5d0 \ub300\ud55c \ud14c\ub7ec\ub97c \uc639\ud638\ud55c \ubc1c\uc5b8\uc73c\ub85c \ubb3c\uc758\ub97c \uc77c\uc73c\ucf30\ub358 \uc774\ud0c0\ub9c8\ub974 \ubca4\uadf8\ube44\ub974(Itamar Ben Gvir)\uac00 \ub3d9\uc608\ub8e8\uc0b4\ub818\uacfc \uc11c\uc548\uc9c0\uad6c\uc758 \uce58\uc548\uc744 \ub2f4\ub2f9\ud558\ub294 \uad6d\uac00\uc548\ubcf4\ubd80 \uc7a5\uad00\uc73c\ub85c \uc784\uba85\ub418\uc5c8\uc73c\uba70, \uc11c\uc548\uc9c0\uad6c\uc758 \uc774\uc2a4\ub77c\uc5d8\ub85c\uc758 \uc644\uc804\ud55c \ud569\ubcd1\uc744 \uc8fc\uc7a5\ud574\uc628 \ubca0\uc9e4\ub810 \uc2a4\ubaa8\ud2b8\ub9ac\uce58(Bezalel Smotrich)\ub294 \uc7ac\ubb34\ubd80 \uc7a5\uad00\uc774 \ub418\uc5c8\ub2e4. \uc2a4\ubaa8\ud2b8\ub9ac\ud750 \uc7a5\uad00\uc740 \ub610\ud55c \uc11c\uc548\uc9c0\uad6c \uc815\ucc29\ucd0c\uc5d0 \uad00\ud55c \uc804\uad8c\uc744 \ubd80\uc5ec\ubc1b\uc558\ub2e4. \uc0c8\ub86d\uac8c \ucd9c\ubc94\ud55c \uac15\uacbd \uc6b0\ud30c \uc815\uad8c\uc740 \ucd9c\ubc94 \uc9c1\ud6c4\ubd80\ud130 \uc11c\uc548\uc9c0\uad6c\uc5d0 \uc138\uc6cc\uc9c4 \uc720\ub300\uc778 \uc815\ucc29\ucd0c\uc744 \ud569\ubc95\ud654\ud560 \uac83\uc774\ub77c\uace0 \ubc1c\ud45c\ud588\ub2e4.<\/span><\/p>\n<p>[\/vc_column_text][vc_btn title=&#8221;\uae00\ubcf4\uae30&#8221; shape=&#8221;square&#8221; color=&#8221;juicy-pink&#8221; align=&#8221;right&#8221; css_animation=&#8221;slideInDown&#8221; link=&#8221;url:http%3A%2F%2Fwac.snuac.ac.kr%2F%3Fp%3D1683|title:%5BMENA%20Focus%2012%EC%9B%94%ED%98%B8%5D%20%EC%9D%B4%EC%8A%A4%EB%9D%BC%EC%97%98%EC%9D%98%202023%EB%85%84%3A%20%EC%82%AC%EB%B2%95%EB%B6%80%20%EA%B0%9C%ED%8E%B8%EA%B3%BC%20%EA%B0%80%EC%9E%90%EC%A7%80%EA%B5%AC%20%EC%A0%84%EC%9F%81|target:%20_blank|&#8221;][\/vc_column_inner][vc_column_inner width=&#8221;1\/2&#8243;][vc_single_image image=&#8221;1684&#8243; img_size=&#8221;full&#8221;][\/vc_column_inner][\/vc_row_inner][\/vc_column][\/vc_row][vc_row full_width=&#8221;stretch_row&#8221; equal_height=&#8221;yes&#8221; content_placement=&#8221;middle&#8221; parallax=&#8221;content-moving&#8221; parallax_image=&#8221;1696&#8243; parallax_speed_bg=&#8221;3&#8243; css_animation=&#8221;slideInRight&#8221;][vc_column][vc_row_inner equal_height=&#8221;yes&#8221; css=&#8221;.vc_custom_1685437439227{margin-right: 8% !important;margin-left: 8% !important;padding-top: 50px !important;padding-bottom: 50px !important;}&#8221;][vc_column_inner][vc_custom_heading text=&#8221;<em>\ubaa8\ub85c\ucf54\uc640 \ud55c\uad6d: \ubc1d\uc740 \ubbf8\ub798\ub97c \ud5a5\ud574<\/em>&#8221; font_container=&#8221;tag:h1|font_size:32|text_align:center|color:%23ffffff&#8221; use_theme_fonts=&#8221;yes&#8221; link=&#8221;url:http%3A%2F%2Fwac.snuac.ac.kr%2F%3Fp%3D1675|title:%5BMENA%20Focus%2012%EC%9B%94%ED%98%B8%5D%20%EB%AA%A8%EB%A1%9C%EC%BD%94%EC%99%80%20%ED%95%9C%EA%B5%AD%3A%20%EB%B0%9D%EC%9D%80%20%EB%AF%B8%EB%9E%98%EB%A5%BC%20%ED%96%A5%ED%95%B4|target:%20_blank|&#8221;][vc_column_text]<\/p>\n<p style=\"text-align: right;\"><span style=\"color: #ffffff;\">&#8211; Dr. \uc0e4\ud53c\ud06c \ud558\uc0e4\ub514(\uc8fc\ud55c\ubaa8\ub85c\ucf54\uc655\uad6d\ub300\uc0ac)<\/span><\/p>\n<p>[\/vc_column_text][\/vc_column_inner][\/vc_row_inner][\/vc_column][\/vc_row][vc_row full_width=&#8221;stretch_row&#8221; equal_height=&#8221;yes&#8221; content_placement=&#8221;middle&#8221; css=&#8221;.vc_custom_1679550050748{background-color: #efefef !important;}&#8221;][vc_column][vc_row_inner equal_height=&#8221;yes&#8221; css=&#8221;.vc_custom_1679549279720{margin-right: 8% !important;margin-left: 8% !important;}&#8221;][vc_column_inner width=&#8221;1\/2&#8243;][vc_single_image image=&#8221;1693&#8243; img_size=&#8221;full&#8221;][\/vc_column_inner][vc_column_inner width=&#8221;1\/2&#8243;][vc_custom_heading text=&#8221;\ud280\ub974\ud0a4\uc608\uc758 2023\ub144 \ud589\ubcf4 \uadf8\ub9ac\uace0 \ud76c\ub9dd&#8221; font_container=&#8221;tag:h1|font_size:18|text_align:left&#8221; use_theme_fonts=&#8221;yes&#8221; link=&#8221;url:http%3A%2F%2Fwac.snuac.ac.kr%2F%3Fp%3D1686|title:%5BMENA%20Focus%2012%EC%9B%94%ED%98%B8%5D%20%ED%8A%80%EB%A5%B4%ED%82%A4%EC%98%88%EC%9D%98%202023%EB%85%84%20%ED%96%89%EB%B3%B4%20%EA%B7%B8%EB%A6%AC%EA%B3%A0%20%ED%9D%AC%EB%A7%9D|target:%20_blank|&#8221;][vc_column_text]<\/p>\n<p style=\"text-align: right;\"><strong>\ud55c\ud558\uc740<\/strong>(\uc544\uc2dc\uc544\uc5f0\uad6c\uc18c)<\/p>\n<p style=\"text-align: justify;\">\ud280\ub974\ud0a4\uc608\uc5d0\uc11c 20\ub144 \uc815\uad8c\uc744 \uc7a1\uace0 \uc788\ub294 \uce5c\uc774\uc2ac\ub78c\uc815\ub2f9 \uc815\uc758\ubc1c\uc804\ub2f9(Adalet ve Kalk\u0131nma Partisi: AKP)\uacfc \ub300\ud1b5\ub839 \uc5d0\ub974\ub3c4\uc548(Recep Tayyip Erdo\u011fan: 2002.07-2014.08; \ucd1d\ub9ac\uc5ed\uc784, 2014.08-\ud604\uc7ac; \ub300\ud1b5\ub839 \uc7ac\uc784)\uc740 \uc62c\ud574 2\uc6d4 \ub300\uc9c0\uc9c4\uc73c\ub85c \uc9d1\uad8c \uae30\uac04 \ub0b4 \uac00\uc7a5 \ud070 \uc704\uae30\ub97c \ub9de\uc774\ud588\ub2e4. \uc7a5\uae30 \uc9d1\uad8c\uc73c\ub85c \uad8c\uc704\uc8fc\uc758 \uc815\uad8c\uc744 \uacf5\uace0\ud654\ud558\ub824\ub294 \uc5d0\ub974\ub3c4\uc548\uc758 \ub9c8\uc9c0\ub9c9 \ub3c4\uc804\uc778 \ub300\uc120\uc774 \ubc14\ub85c 5\uc6d4 14\uc77c\uc5d0 \uce58\ub7ec\uc9c0\uae30 \ub54c\ubb38\uc774\uc5c8\ub2e4. \uac15\uc9c4 \ubc1c\uc0dd \uc774\ud6c4 \uc815\ubd80\uc758 \ubb34\ub2a5\ud558\uace0 \ubd80\uc2e4\ud55c \ub300\uc751\uc5d0 \uad6d\ubbfc\ub4e4\uc758 \ub9c8\uc74c\uc774 \ub3cc\uc544\uc11c\ub294 \ub4ef \ud588\ub2e4. \uc5d0\ub974\ub3c4\uc548\uc758 \uc7a5\uae30 \ub3c5\uc7ac\ub97c \ubb34\ub108\ub728\ub9b4 \uc218 \uc788\ub294 \uc808\ud638\uc758 \uae30\ud68c\ub97c \uc5bb\uc740 \uc57c\ub2f9\uc740 \ub2e8\uc77c\ud6c4\ubcf4\ub97c \ub0b4\ub294 \uc77c\uc5d0 \uc0ac\ub825\uc744 \ub2e4\ud588\ub2e4. 4\uc6d4\uc5d0 \uc2e4\uc2dc\ud55c \uc5ec\ub860\uc870\uc0ac\uc5d0\uc11c 6\uac1c \uc870\uc0ac\uae30\uad00 \uc911 5\uac1c\uc758 \uae30\uad00\uc774 \uc138\uc18d\uc8fc\uc758\uc815\ub2f9 \uacf5\ud654\uc778\ubbfc\ub2f9(Cumhuriyet Halk Partisi: CHP)\uc758 \ud074\ub974\uce20\ub2e4\ub974\uc624\uc6b8\ub8e8(K\u0131l\u0131\u00e7daro\u011flu)\uac00 \uc5d0\ub974\ub3c4\uc548\uc744 \uc55e\uc120\ub2e4\uace0 \ubc1c\ud45c\ud588\uc9c0\ub9cc \ud3c9\uade0 \uc9c0\uc9c0\uc728\uc774 \ud074\ub974\uce20\ub2e4\ub974\uc624\uc6b8\ub8e8\uac00 46.2%, \uc5d0\ub974\ub3c4\uc548\uc774 42.6%\ub85c \uadf8 \ucc28\uc774\uac00 5%\uac00 \ub418\uc9c0 \uc54a\uc544 5\uc6d4 28\uc77c 2\ucc28 \ud22c\ud45c\uc758 \uac00\ub2a5\uc131\uc744 \uc608\uc0c1\ud588\ub2e4. \uc120\uac70 \uacb0\uacfc\ub294 \uc5d0\ub974\ub3c4\uc548 49.5%, \ud074\ub974\uce20\ub2e4\ub974\uc624\uc6b8\ub8e8 44.9%\ub85c \uc5d0\ub974\ub3c4\uc548\uc774 \uc774\uacbc\uc9c0\ub9cc \uacfc\ubc18 \ub4dd\ud45c\uc5d0 \uc2e4\ud328\ud558\uc5ec \uc624\ub294 28\uc77c \uacb0\uc120 \ud22c\ud45c\uac00 \ub2e4\uc2dc \uce58\ub7ec\uc84c\ub2e4. 3\uc704\ub97c \ucc28\uc9c0\ud55c \uc2b9\ub9ac\ub2f9(Zafer Partisi) \uc2dc\ub09c \uc624\uc548(Sinan O\u011fan)\uc758 5%\uac00 \uce90\uc2a4\ud305 \ubcf4\ud2b8\uac00 \ub418\uc5c8\ub294\ub370 \uc138\uc18d\uc8fc\uc758\uc790 \uc624\uc548\uc740 \ub9c8\uc9c0\ub9c9\uc5d0 \uc5d0\ub974\ub3c4\uc548\uc5d0\uac8c \ud798\uc744 \uc2e4\uc5b4\uc8fc\uba74\uc11c 2\ucc28 \ud22c\ud45c\uc5d0\uc11c \uc5d0\ub974\ub3c4\uc548\uc774 52.14%\ub97c \uc5bb\uc5b4 47.86%\ub97c \uc5bb\uc740 \ud074\ub974\uce20\ub2e4\ub974\uc624\uc6b8\ub8e8\ub97c \uc81c\uce58\uace0 \uc7ac\uc120\uc5d0 \uc131\uacf5, 2028\ub144\uae4c\uc9c0 \uc7ac\uc784\ud558\uac8c \ub418\uc5c8\ub2e4.<\/p>\n<p>[\/vc_column_text][vc_btn title=&#8221;\uae00\ubcf4\uae30&#8221; shape=&#8221;square&#8221; color=&#8221;juicy-pink&#8221; align=&#8221;right&#8221; css_animation=&#8221;slideInDown&#8221; link=&#8221;url:http%3A%2F%2Fwac.snuac.ac.kr%2F%3Fp%3D1686|title:%5BMENA%20Focus%2012%EC%9B%94%ED%98%B8%5D%20%ED%8A%80%EB%A5%B4%ED%82%A4%EC%98%88%EC%9D%98%202023%EB%85%84%20%ED%96%89%EB%B3%B4%20%EA%B7%B8%EB%A6%AC%EA%B3%A0%20%ED%9D%AC%EB%A7%9D|target:%20_blank|&#8221;][\/vc_column_inner][\/vc_row_inner][\/vc_column][\/vc_row][vc_row full_width=&#8221;stretch_row&#8221; equal_height=&#8221;yes&#8221; content_placement=&#8221;middle&#8221;][vc_column][vc_row_inner equal_height=&#8221;yes&#8221; css=&#8221;.vc_custom_1679549279720{margin-right: 8% !important;margin-left: 8% !important;}&#8221;][vc_column_inner width=&#8221;1\/2&#8243;][vc_custom_heading text=&#8221;\ubd81\uc544\ud504\ub9ac\uce74\uc758 \ubc1d\uc9c0\ub9cc\uc740 \uc54a\uc740 \ub0b4\uc77c&#8221; font_container=&#8221;tag:h1|font_size:18|text_align:left&#8221; use_theme_fonts=&#8221;yes&#8221; link=&#8221;url:http%3A%2F%2Fwac.snuac.ac.kr%2F%3Fp%3D1689|title:%5BMENA%20Focus%2012%EC%9B%94%ED%98%B8%5D%20%EB%B6%81%EC%95%84%ED%94%84%EB%A6%AC%EC%B9%B4%EC%9D%98%20%EB%B0%9D%EC%A7%80%EB%A7%8C%EC%9D%80%20%EC%95%8A%EC%9D%80%20%EB%82%B4%EC%9D%BC|target:%20_blank|&#8221;][vc_column_text]<\/p>\n<p style=\"text-align: right;\"><strong>\ud55c\uc0c8\ub86c<\/strong>(\uc219\uba85\uc5ec\uc790\ub300\ud559\uad50)<\/p>\n<p style=\"text-align: justify;\">\uc0c1\uc774\ud55c \uc5ed\uc0ac, \ubb38\ud654, \uacbd\uc81c \uaddc\ubaa8, \uc815\uce58\uc81c\ub3c4\ub97c \ubcf4\uc720\ud558\uace0 \uc788\ub294 \ubd81\uc544\ud504\ub9ac\uce74 \uad6d\uac00\ub4e4\uc774 \uc624\ub298\ub0a0 \uacf5\uc720\ud558\uace0 \uc788\ub294 \ud2b9\uc9d5\uc740 \ubb34\uc5c7\uc77c\uae4c? \uc774\ub4e4\uc758 \uc9c0\ub09c \uada4\uc801\uacfc 2023\ub144\uc744 \ub418\ub3cc\uc544\ubcfc \ub54c \ub5a0\uc624\ub974\ub294 \uac83 \uc911 \ud558\ub098\ub294 \ubc14\ub85c (\uac74\uac15\ud55c) \uac70\ubc84\ub10c\uc2a4\uc758 \ubd80\uc7ac\uc774\ub2e4. \ub9ac\ube44\uc544\ub294 \uc544\ub78d \ubd09\uae30\uac00 \ubc1c\uc0dd\ud55c \uc774\ud6c4\ubd80\ud130 \ub0b4\uc804, \uc678\ubd80\uac1c\uc785 \ub4f1\uc758 \uc774\uc720\ub85c \ud558\ub098\uc758 \uc815\ubd80 \ub9cc\ub4e4\uae30\uc5d0 \uc2e4\ud328\ud574\uc654\ub2e4. \uc62c\ud574 9\uc6d4 \uc218\ucc9c\uba85\uc758 \ubaa9\uc228\uc744 \uc557\uc544\uac04 \ub9ac\ube44\uc544 \ub3d9\ubd80 \ub310 \ubd95\uad34 \uc0ac\uac74\uc740 \uc2ed \uc5ec\ub144 \uac04 \uc9c0\uc18d\ub41c \uc815\ubd80 \ubd80\uc7ac \uc0c1\ud669\uc774 \uc0ac\ud68c\uc5d0 \uc5b4\ub5a4 \uacb0\uacfc\ub97c \uc57c\uae30\ud558\ub294\uc9c0\ub97c \uc5ec\uc2e4\ud788 \ubcf4\uc5ec\uc8fc\uc5c8\ub2e4. \uac19\uc740 \ub2ec \uac15\ub3c4 \ub192\uc740 \uc9c0\uc9c4\uc73c\ub85c \uc778\ud574 \ucd5c\uc18c 3\ucc9c\uba85\uc758 \uc778\uba85 \ud53c\ud574\uac00 \ubc1c\uc0dd\ud55c \ubaa8\ub85c\ucf54\uc758 \uacbd\uc6b0\ub3c4 \ud06c\uac8c \ub2e4\ub974\uc9c0 \uc54a\ub2e4. \uc9c0\uc9c4\uc774 \ubc1c\uc0dd\ud558\uace0 \uccab \uc815\ubd80 \uace0\uc704\uae09 \ud68c\uc758\uac00 \uc5f4\ub9b0 \uac83\uc740 \ucd5c\uc18c 19\uc2dc\uac04\uc774 \uc9c0\ub09c \ud6c4\uc600\ub2e4. \ub2f9\uc2dc \ud30c\ub9ac\ub97c \ubc29\ubb38 \uc911\uc774\ub358 \uc655\uc758 \uadc0\uad6d \ud6c4\uc5d0\uc57c \uae34\uae09\ud68c\uc758\uac00 \uc18c\uc9d1\ub418\uace0 \ub300\ucc45\uc774 \ub9c8\ub828\ub418\uae30 \uc2dc\uc791\ub418\uc5c8\ub2e4\ub294 \uc0ac\uc2e4\uc740 \uc785\ud5cc\uad70\uc8fc\uad6d\uc774\uc9c0\ub9cc \uc5ec\uc804\ud788 \uc808\ub300\uc655\uc815\uacfc \uad8c\uc704\uc8fc\uc758 \ud1b5\uce58 \uc694\uc18c\ub97c \uc720\uc9c0\ud558\uace0 \uc788\ub294 \ubaa8\ub85c\ucf54\uc758 \ub2e8\uba74\uc744 \ubcf4\uc5ec\uc900\ub2e4.<\/p>\n<p style=\"text-align: justify;\">2013\ub144\ubd80\ud130 \ub3c5\uc7ac\uc815\uad8c\uc744 \uacf5\uace0\ud654 \uc2dc\ud0a8 \uc774\uc9d1\ud2b8\uc640 2021\ub144\ubd80\ud130 \uc9c0\uc18d\ub418\uace0 \uc788\ub294 \uad8c\uc704\uc8fc\uc758\uc801 \ud589\ubcf4\ub85c \ub17c\ub780\uc744 \uc77c\uc73c\ud0a4\uace0 \uc788\ub294 \ud280\ub2c8\uc9c0\ub294 \uc5b4\ub5a0\ud55c\uac00? \ub450 \uad6d\uac00\uac00 \uacaa\uc5b4\uc628 \ube48\uace4, \uc18c\ub4dd \ubd88\ud3c9\ub4f1, \uc2e4\uc5c5 \ub4f1\uc758 \uc0ac\ud68c\ubb38\uc81c\ub294 \uc880\ucc98\ub7fc \ud574\uacb0\ub420 \uae30\ubbf8\uac00 \ubcf4\uc774\uc9c0 \uc54a\ub294\ub2e4. \uadf8\ub7ec\ub098 \ub300\uaddc\ubaa8 \uc2dc\ubbfc\ubd09\uae30\ub85c \ub3c5\uc7ac\uc790\ub97c \ucad3\uc544\ub0c8\ub358 \ub450 \uad6d\uac00\uc5d0\uc11c \uacfc\uac70\uc640 \uac19\uc740 \ud06c\uae30\uc640 \uac15\ub3c4\uc758 \uc2dc\uc704\ub294 \ubaa9\uaca9\ub418\uc9c0 \uc54a\uace0 \uc788\ub2e4. \ud32c\ub370\ubbf9, \uc6b0\ud06c\ub77c\uc774\ub098\uc0ac\ud0dc, \uadf8\ub9ac\uace0 \uc62c\ud574 \ubc1c\uc0dd\ud55c \uc774\uc2a4\ub77c\uc5d8-\ud558\ub9c8\uc2a4 \uad50\uc804\uacfc \ub09c\ubbfc \uc774\uc288 \ub4f1\uc758 \u201c\uc678\uc0dd\uc801 \uc694\uc778\u201d\uc5d0 \uc2dc\uc120\uc774 \ubd84\uc0b0\ub41c \uac83\uc774 \uad6d\ub0b4\uc801 \uace0\uc694\ud568\uc5d0 \uae30\uc5ec\ud55c \ubc14\uac00 \uc788\ub2e4\uace0 \ubcf4\uc5ec\uc9c4\ub2e4. \ud558\uc9c0\ub9cc \uc774 \uace0\uc694\ud568\uc774 \uc5b8\uc81c\uae4c\uc9c0 \uc9c0\uc18d\ub420 \uc218 \uc788\uc744\uc9c0\ub294 \ubbf8\uc9c0\uc218\uc774\ub2e4.<\/p>\n<p>[\/vc_column_text][vc_btn title=&#8221;\uae00\ubcf4\uae30&#8221; shape=&#8221;square&#8221; color=&#8221;juicy-pink&#8221; align=&#8221;right&#8221; css_animation=&#8221;slideInDown&#8221; link=&#8221;url:http%3A%2F%2Fwac.snuac.ac.kr%2F%3Fp%3D1689|title:%5BMENA%20Focus%2012%EC%9B%94%ED%98%B8%5D%20%EB%B6%81%EC%95%84%ED%94%84%EB%A6%AC%EC%B9%B4%EC%9D%98%20%EB%B0%9D%EC%A7%80%EB%A7%8C%EC%9D%80%20%EC%95%8A%EC%9D%80%20%EB%82%B4%EC%9D%BC|target:%20_blank|&#8221;][\/vc_column_inner][vc_column_inner width=&#8221;1\/2&#8243;][vc_single_image image=&#8221;1692&#8243; img_size=&#8221;full&#8221;][\/vc_column_inner][\/vc_row_inner][\/vc_column][\/vc_row][vc_row full_width=&#8221;stretch_row&#8221; equal_height=&#8221;yes&#8221; content_placement=&#8221;middle&#8221; css=&#8221;.vc_custom_1679550287295{background-color: #3f3f3f !important;}&#8221;][vc_column][vc_row_inner equal_height=&#8221;yes&#8221; css=&#8221;.vc_custom_1679550277615{margin-right: 8% !important;margin-left: 8% !important;}&#8221;][vc_column_inner][vc_column_text]<\/p>\n<p style=\"text-align: center;\"><span style=\"color: #ffffff;\"><b>\ubc1c\ud589\ucc98<\/b>: \uc11c\uc6b8\ub300\ud559\uad50 \uc544\uc2dc\uc544\uc5f0\uad6c\uc18c \uc11c\uc544\uc2dc\uc544\uc13c\ud130, HK<sup>+<\/sup>\uba54\uac00\uc544\uc2dc\uc544\uc5f0\uad6c\uc0ac\uc5c5\ub2e8<\/span><br \/>\n<span style=\"color: #ffffff;\"><b>\ubc1c\ud589\uc778<\/b>: \ucc44\uc218\ud64d <b>\ud3b8\uc9d1\uc704\uc6d0\uc7a5<\/b>: \uad6c\uae30\uc5f0\u00a0<b>\ud3b8\uc9d1\uc704\uc6d0<\/b>: \uc548\uc18c\uc5f0, \ud55c\ud558\uc740, \ud669\uc758\ud604\u00a0<\/span><br \/>\n<span style=\"color: #ffffff;\"><b>\uc5f0\ub77d\ucc98<\/b>: 02-880-2084, katib@snu.ac.kr<\/span><\/p>\n<p>[\/vc_column_text][\/vc_column_inner][\/vc_row_inner][\/vc_column][\/vc_row]<\/p>\n<\/div>","protected":false},"excerpt":{"rendered":"<p>[vc_row full_width=&#8221;stretch_row&#8221; equal_height=&#8221;yes&#8221; content_placement=&#8221;middle&#8221; css=&#8221;.vc_custom_1679549914074{background-color: #efefef !important;}&#8221;][vc_column][vc_row_inner equal_height=&#8221;yes&#8221; css=&#8221;.vc_custom_1679549279720{margin-right: 8%  [&#8230;]<\/p>\n","protected":false},"author":2,"featured_media":0,"parent":888,"menu_order":0,"comment_status":"closed","ping_status":"closed","template":"100-width.php","meta":{"_acf_changed":false,"footnotes":""},"class_list":["post-1698","page","type-page","status-publish","hentry"],"acf":[],"_links":{"self":[{"href":"http:\/\/wac.snuac.ac.kr\/index.php?rest_route=\/wp\/v2\/pages\/1698","targetHints":{"allow":["GET"]}}],"collection":[{"href":"http:\/\/wac.snuac.ac.kr\/index.php?rest_route=\/wp\/v2\/pages"}],"about":[{"href":"http:\/\/wac.snuac.ac.kr\/index.php?rest_route=\/wp\/v2\/types\/page"}],"author":[{"embeddable":true,"href":"http:\/\/wac.snuac.ac.kr\/index.php?rest_route=\/wp\/v2\/users\/2"}],"replies":[{"embeddable":true,"href":"http:\/\/wac.snuac.ac.kr\/index.php?rest_route=%2Fwp%2Fv2%2Fcomments&post=1698"}],"version-history":[{"count":7,"href":"http:\/\/wac.snuac.ac.kr\/index.php?rest_route=\/wp\/v2\/pages\/1698\/revisions"}],"predecessor-version":[{"id":1716,"href":"http:\/\/wac.snuac.ac.kr\/index.php?rest_route=\/wp\/v2\/pages\/1698\/revisions\/1716"}],"up":[{"embeddable":true,"href":"http:\/\/wac.snuac.ac.kr\/index.php?rest_route=\/wp\/v2\/pages\/888"}],"wp:attachment":[{"href":"http:\/\/wac.snuac.ac.kr\/index.php?rest_route=%2Fwp%2Fv2%2Fmedia&parent=1698"}],"curies":[{"name":"wp","href":"https:\/\/api.w.org\/{rel}","templated":true}]}}